{"id":21285,"date":"2024-03-27T10:51:00","date_gmt":"2024-03-27T09:51:00","guid":{"rendered":"https:\/\/www.byggmassanstockholm.se\/cookies\/"},"modified":"2025-09-30T15:54:07","modified_gmt":"2025-09-30T13:54:07","slug":"cookies","status":"publish","type":"page","link":"https:\/\/www.byggmassanstockholm.se\/en\/cookies\/","title":{"rendered":"Cookies"},"content":{"rendered":"\t\t<div data-elementor-type=\"wp-post\" data-elementor-id=\"21285\" class=\"elementor elementor-21285 elementor-13\" data-elementor-post-type=\"page\">\n\t\t\t\t\t\t<section class=\"elementor-section elementor-top-section elementor-element elementor-element-a5437a3 elementor-section-boxed elementor-section-height-default elementor-section-height-default\" data-id=\"a5437a3\" data-element_type=\"section\" data-settings=\"{&quot;background_background&quot;:&quot;classic&quot;}\">\n\t\t\t\t\t\t\t<div class=\"elementor-background-overlay\"><\/div>\n\t\t\t\t\t\t\t<div class=\"elementor-container elementor-column-gap-default\">\n\t\t\t\t\t<div class=\"elementor-column elementor-col-100 elementor-top-column elementor-element elementor-element-b740fb4\" data-id=\"b740fb4\" data-element_type=\"column\">\n\t\t\t<div class=\"elementor-widget-wrap elementor-element-populated\">\n\t\t\t\t\t\t<section class=\"elementor-section elementor-inner-section elementor-element elementor-element-0a85abc elementor-section-boxed elementor-section-height-default elementor-section-height-default\" data-id=\"0a85abc\" data-element_type=\"section\">\n\t\t\t\t\t\t<div class=\"elementor-container elementor-column-gap-default\">\n\t\t\t\t\t<div class=\"elementor-column elementor-col-50 elementor-inner-column elementor-element elementor-element-a4fba8e\" data-id=\"a4fba8e\" data-element_type=\"column\">\n\t\t\t<div class=\"elementor-widget-wrap elementor-element-populated\">\n\t\t\t\t\t\t<div class=\"elementor-element elementor-element-325a2a7 elementor-widget__width-initial elementor-widget elementor-widget-heading\" data-id=\"325a2a7\" data-element_type=\"widget\" data-widget_type=\"heading.default\">\n\t\t\t\t<div class=\"elementor-widget-container\">\n\t\t\t\t\t<h1 class=\"elementor-heading-title elementor-size-default\">Cookie Policy<\/h1>\t\t\t\t<\/div>\n\t\t\t\t<\/div>\n\t\t\t\t\t<\/div>\n\t\t<\/div>\n\t\t\t\t<div class=\"elementor-column elementor-col-50 elementor-inner-column elementor-element elementor-element-3c6704c\" data-id=\"3c6704c\" data-element_type=\"column\">\n\t\t\t<div class=\"elementor-widget-wrap elementor-element-populated\">\n\t\t\t\t\t\t<div class=\"elementor-element elementor-element-f8f1b80 elementor-view-default elementor-widget elementor-widget-icon\" data-id=\"f8f1b80\" data-element_type=\"widget\" data-widget_type=\"icon.default\">\n\t\t\t\t<div class=\"elementor-widget-container\">\n\t\t\t\t\t\t\t<div class=\"elementor-icon-wrapper\">\n\t\t\t<div class=\"elementor-icon\">\n\t\t\t<i aria-hidden=\"true\" class=\"fas fa-cookie-bite\"><\/i>\t\t\t<\/div>\n\t\t<\/div>\n\t\t\t\t\t\t<\/div>\n\t\t\t\t<\/div>\n\t\t\t\t\t<\/div>\n\t\t<\/div>\n\t\t\t\t\t<\/div>\n\t\t<\/section>\n\t\t\t\t<div class=\"elementor-element elementor-element-76e0815 elementor-widget elementor-widget-text-editor\" data-id=\"76e0815\" data-element_type=\"widget\" data-widget_type=\"text-editor.default\">\n\t\t\t\t<div class=\"elementor-widget-container\">\n\t\t\t\t\t\t\t\t\t<p>On our websites we use cookies and other comparable technologies. The cookies we use collect information about your use of the websites and store the information on your device. We do this to ensure that our websites function satisfactorily and are easy to use, to improve your user experience and to be able to provide you with relevant offers.<\/p>\n\t\t\t\t\t\t\t\t<\/div>\n\t\t\t\t<\/div>\n\t\t\t\t<div class=\"elementor-element elementor-element-58525e9 elementor-widget elementor-widget-heading\" data-id=\"58525e9\" data-element_type=\"widget\" data-widget_type=\"heading.default\">\n\t\t\t\t<div class=\"elementor-widget-container\">\n\t\t\t\t\t<h2 class=\"elementor-heading-title elementor-size-default\">We need your consent<\/h2>\t\t\t\t<\/div>\n\t\t\t\t<\/div>\n\t\t\t\t<div class=\"elementor-element elementor-element-7ebf491 elementor-widget elementor-widget-text-editor\" data-id=\"7ebf491\" data-element_type=\"widget\" data-widget_type=\"text-editor.default\">\n\t\t\t\t<div class=\"elementor-widget-container\">\n\t\t\t\t\t\t\t\t\t<p>You choose yourself whether you want to accept cookies on your device or not. Your consent is required for the use of all cookies, however not for cookies that are necessary to enable the service that you, as a user, have requested. You give your consent by continuing to use our websites. If you do not agree to our use of cookies, or if you previously agreed to our use and have changed your mind, you can change your cookie settings at any time.<\/p>\n\t\t\t\t\t\t\t\t<\/div>\n\t\t\t\t<\/div>\n\t\t\t\t<div class=\"elementor-element elementor-element-655ffad elementor-widget elementor-widget-heading\" data-id=\"655ffad\" data-element_type=\"widget\" data-widget_type=\"heading.default\">\n\t\t\t\t<div class=\"elementor-widget-container\">\n\t\t\t\t\t<h2 class=\"elementor-heading-title elementor-size-default\">What are cookies?<\/h2>\t\t\t\t<\/div>\n\t\t\t\t<\/div>\n\t\t\t\t<div class=\"elementor-element elementor-element-7db36ec elementor-widget elementor-widget-text-editor\" data-id=\"7db36ec\" data-element_type=\"widget\" data-widget_type=\"text-editor.default\">\n\t\t\t\t<div class=\"elementor-widget-container\">\n\t\t\t\t\t\t\t\t\t<p>A cookie is a small text file that is saved in your browser when you connect to a website. Some types of cookies are necessary to ensure that our websites function properly and are easy to use. Other types of cookies are used to retrieve information about what you do when you visit our websites<\/p>\n\t\t\t\t\t\t\t\t<\/div>\n\t\t\t\t<\/div>\n\t\t\t\t<div class=\"elementor-element elementor-element-649c584 elementor-widget elementor-widget-toggle\" data-id=\"649c584\" data-element_type=\"widget\" data-widget_type=\"toggle.default\">\n\t\t\t\t<div class=\"elementor-widget-container\">\n\t\t\t\t\t\t\t<div class=\"elementor-toggle\">\n\t\t\t\t\t\t\t<div class=\"elementor-toggle-item\">\n\t\t\t\t\t<div id=\"elementor-tab-title-1051\" class=\"elementor-tab-title\" data-tab=\"1\" role=\"button\" aria-controls=\"elementor-tab-content-1051\" aria-expanded=\"false\">\n\t\t\t\t\t\t\t\t\t\t\t\t<span class=\"elementor-toggle-icon elementor-toggle-icon-left\" aria-hidden=\"true\">\n\t\t\t\t\t\t\t\t\t\t\t\t\t\t\t<span class=\"elementor-toggle-icon-closed\"><i class=\"fas fa-caret-right\"><\/i><\/span>\n\t\t\t\t\t\t\t\t<span class=\"elementor-toggle-icon-opened\"><i class=\"elementor-toggle-icon-opened fas fa-caret-up\"><\/i><\/span>\n\t\t\t\t\t\t\t\t\t\t\t\t\t<\/span>\n\t\t\t\t\t\t\t\t\t\t\t\t<a class=\"elementor-toggle-title\" tabindex=\"0\">COOKIE POLICY EASYFAIRS GROUP & RELATED SUBSIDIARIES<\/a>\n\t\t\t\t\t<\/div>\n\n\t\t\t\t\t<div id=\"elementor-tab-content-1051\" class=\"elementor-tab-content elementor-clearfix\" data-tab=\"1\" role=\"region\" aria-labelledby=\"elementor-tab-title-1051\"><p>Introduction<\/p>\n<ul>\n<li>Easyfairs International SA\/NV is the parent company of a company group active in live events and meeting and fair arrangements.<\/li>\n<li>Easyfairs International SA\/NV and its related subsidiaries take the protection of their customers&#8217; (exhibitors, officials, visitors, organizers, readers, advertisers, members, partners, possible customers, etc.) personal data very seriously. Therefore, our customers&#8217; personal data is stored securely and handled with the utmost care. This also applies to personal data about our suppliers, other stakeholders and all other parties with whom we have contact.<\/li>\n<li>Easyfairs International SA\/NV and its related entities treat your personal data with respect for your right to privacy and only process personal data in accordance with applicable data protection legislation, including the General Data Protection Regulation (Regulation 2016\/679, &#8220;GDPR&#8221;), Directive 2002\/58\/EC on the processing of personal data and privacy protection in the electronic communications sector (&#8220;e-Privacy Directive&#8221;) and applicable national data protection laws.<\/li>\n<li>This privacy policy (&#8220;Policy&#8221;) explains (i) which cookies are placed on your device and how long they remain, (ii) how you can remove cookies from your device and (iii) what rights you have when it applies to such cookies.<\/li>\n<li>Contact details for the person in charge of personal data<\/li>\n<li>Your personal data is processed by the following joint personal data controllers:<\/li>\n<li>Easyfairs Nordic AB, with address \u00c5by Arenav\u00e4g 8A, 431 62 M\u00f6lndal, Sweden<\/li>\n<li>Easyfairs Group SA, with address Rue Saint-Lambert 135, 1200 WoluweSaint-Lambert, Belgium.<br \/>\n(Together referred to as \u201cEasyfairs\u201d, \u201cwe\u201d and \u201cus\u201d.)<\/li>\n<li>If you have questions about this cookie policy or want to exercise your rights mentioned in paragraph 10 of our privacy policy, please contact our local personal data manager Goran Bajku\u0161a, either by post at the address Easyfairs AB, \u00c5by Arenav\u00e4g 8A, 431 62 M\u00f6lndal or email address PrivacySE@easyfairs .com in the manner described in paragraph 10 of our Privacy Policy.<\/li>\n<li>You can also contact the group&#8217;s data protection officer at the following email address: dpo@easyfairs.com.<br \/>\nWHAT is the purpose and legal basis of the data processing?<br \/>\nFunctional cookies, absolutely necessary for the website to function<br \/>\nWe process functional cookies to fulfill our legitimate interests (Article 6 paragraph 1. f) of the GDPR), in particular for the following purposes:<br \/>\n(a) measure and optimize the performance of our website;<\/li>\n<\/ul>\n<p>(b) offer a high-performance and customized interface for the visitors of our digital platforms;<\/p>\n<p>(c) use your personal data in aggregated or anonymized models to perform market analysis, financial management, marketing, reporting, big data analysis or other types of analysis.<\/p>\n<p>In the cases mentioned above, we always strive for a fair balance between the need to process your personal data and to protect your freedoms and rights, while respecting your privacy.<\/p>\n<p>Non-functional cookies<br \/>We process non-functional cookies with your consent (Article 6 paragraph 1. a) of the GDPR), in particular for the following purposes:<br \/>(a) evaluate and optimize the quality of our online services and the user-friendliness of our digital platforms to provide you with the best possible experience;<\/p>\n<p>(b) set up marketing profiles or segments for customers or potential customers, e.g. targeted marketing.<\/p>\n<p>YOUR RIGHTS IN RELATION TO YOUR PERSONAL DATA<br \/>As a registered user, you can exercise the following rights regarding your personal data.<\/p>\n<p>To enforce them, contact our local data controller, either by post or email to the addresses listed in paragraph 2.2. Then attach a copy of your ID card, passport or other valid ID document and specify what your request applies to.<\/p>\n<p>Right of access. Within the framework of what the applicable laws and regulations allow, you can request to receive information about whether we process your personal data and, where applicable, access them.<br \/>Right to rectification. You can request that we correct incorrect and\/or supplement incomplete personal data free of charge.<br \/>Right to withdraw consent. Within the scope of what applicable laws and regulations allow, you can withdraw your consent regarding cookies at any time. Such withdrawal does not affect the legality of the processing that took place on the basis of your previous consent. Please note that if you withdraw your consent, you may not be able to take advantage of certain service features for which the processing of your personal data is necessary.<br \/>Right to erasure. You can request that we delete your personal data. We will then do so, unless there are legal reasons not to do so. It can e.g. there is a weightier, legitimate reason for us to retain your personal data. This may be the case if there are legal obligations that we must comply with or if it is necessary for us to retain them in order for us to fulfill our legal obligations.<br \/>Correct<\/p>\n<\/div>\n\t\t\t\t<\/div>\n\t\t\t\t\t\t\t\t<\/div>\n\t\t\t\t\t\t<\/div>\n\t\t\t\t<\/div>\n\t\t\t\t<div class=\"elementor-element elementor-element-260bb65 elementor-widget elementor-widget-iframe-widget\" data-id=\"260bb65\" data-element_type=\"widget\" data-widget_type=\"iframe-widget.default\">\n\t\t\t\t<div class=\"elementor-widget-container\">\n\t\t\t\t\t<script type=\"text\/javascript\" charset=\"UTF-8\"  data-cookiescriptreport=\"report\" src=\"\/\/report.cookie-script.com\/r\/38305284dbecf43d3abf0576610371f8.js\"><\/script>\t\t\t\t<\/div>\n\t\t\t\t<\/div>\n\t\t\t\t\t<\/div>\n\t\t<\/div>\n\t\t\t\t\t<\/div>\n\t\t<\/section>\n\t\t\t\t<\/div>\n\t\t","protected":false},"excerpt":{"rendered":"<p>Cookie Policy On our websites we use cookies and other comparable technologies. The cookies we use collect information about your use of the websites and store the information on your device. We do this to ensure that our websites function satisfactorily and are easy to use, to improve your user experience and to be able [&hellip;]<\/p>\n","protected":false},"author":16,"featured_media":0,"parent":0,"menu_order":0,"comment_status":"closed","ping_status":"closed","template":"","meta":{"_seopress_robots_primary_cat":"","_seopress_titles_title":"Cookie consent | Byggm\u00e4ssan | Stockholm","_seopress_titles_desc":"To ensure that our website functions optimally, we use cookies. Cookies are a data file that is saved on your computer & to which you can refuse consent.","_seopress_robots_index":"","footnotes":""},"class_list":["post-21285","page","type-page","status-publish","hentry"],"_links":{"self":[{"href":"https:\/\/www.byggmassanstockholm.se\/en\/wp-json\/wp\/v2\/pages\/21285","targetHints":{"allow":["GET"]}}],"collection":[{"href":"https:\/\/www.byggmassanstockholm.se\/en\/wp-json\/wp\/v2\/pages"}],"about":[{"href":"https:\/\/www.byggmassanstockholm.se\/en\/wp-json\/wp\/v2\/types\/page"}],"author":[{"embeddable":true,"href":"https:\/\/www.byggmassanstockholm.se\/en\/wp-json\/wp\/v2\/users\/16"}],"replies":[{"embeddable":true,"href":"https:\/\/www.byggmassanstockholm.se\/en\/wp-json\/wp\/v2\/comments?post=21285"}],"version-history":[{"count":5,"href":"https:\/\/www.byggmassanstockholm.se\/en\/wp-json\/wp\/v2\/pages\/21285\/revisions"}],"predecessor-version":[{"id":34380,"href":"https:\/\/www.byggmassanstockholm.se\/en\/wp-json\/wp\/v2\/pages\/21285\/revisions\/34380"}],"wp:attachment":[{"href":"https:\/\/www.byggmassanstockholm.se\/en\/wp-json\/wp\/v2\/media?parent=21285"}],"curies":[{"name":"wp","href":"https:\/\/api.w.org\/{rel}","templated":true}]}}