{"id":97,"date":"2019-11-08T15:42:07","date_gmt":"2019-11-08T14:42:07","guid":{"rendered":"https:\/\/www.byggmassanstockholm.se\/?page_id=97"},"modified":"2025-10-20T16:00:13","modified_gmt":"2025-10-20T14:00:13","slug":"nyheter-och-press","status":"publish","type":"page","link":"https:\/\/www.byggmassanstockholm.se\/sv\/nyheter-och-press\/","title":{"rendered":"Nyheter och press"},"content":{"rendered":"\t\t<div data-elementor-type=\"wp-post\" data-elementor-id=\"97\" class=\"elementor elementor-97\" data-elementor-post-type=\"page\">\n\t\t\t\t\t\t<section class=\"elementor-section elementor-top-section elementor-element elementor-element-8912245 elementor-section-boxed elementor-section-height-default elementor-section-height-default\" data-id=\"8912245\" data-element_type=\"section\" data-settings=\"{&quot;background_background&quot;:&quot;classic&quot;}\">\n\t\t\t\t\t\t\t<div class=\"elementor-background-overlay\"><\/div>\n\t\t\t\t\t\t\t<div class=\"elementor-container elementor-column-gap-default\">\n\t\t\t\t\t<div class=\"elementor-column elementor-col-100 elementor-top-column elementor-element elementor-element-cba9c89\" data-id=\"cba9c89\" data-element_type=\"column\">\n\t\t\t<div class=\"elementor-widget-wrap elementor-element-populated\">\n\t\t\t\t\t\t<div class=\"elementor-element elementor-element-922407a elementor-widget elementor-widget-heading\" data-id=\"922407a\" data-element_type=\"widget\" data-widget_type=\"heading.default\">\n\t\t\t\t<div class=\"elementor-widget-container\">\n\t\t\t\t\t<h1 class=\"elementor-heading-title elementor-size-default\">Nyheter och press<\/h1>\t\t\t\t<\/div>\n\t\t\t\t<\/div>\n\t\t\t\t\t<\/div>\n\t\t<\/div>\n\t\t\t\t\t<\/div>\n\t\t<\/section>\n\t\t\t\t<section class=\"elementor-section elementor-top-section elementor-element elementor-element-9870b90 elementor-section-boxed elementor-section-height-default elementor-section-height-default\" data-id=\"9870b90\" data-element_type=\"section\">\n\t\t\t\t\t\t<div class=\"elementor-container elementor-column-gap-default\">\n\t\t\t\t\t<div class=\"elementor-column elementor-col-100 elementor-top-column elementor-element elementor-element-691402d\" data-id=\"691402d\" data-element_type=\"column\">\n\t\t\t<div class=\"elementor-widget-wrap elementor-element-populated\">\n\t\t\t\t\t\t<div class=\"elementor-element elementor-element-38ba9cc elementor-grid-3 elementor-grid-tablet-2 elementor-grid-mobile-1 elementor-posts--thumbnail-top elementor-card-shadow-yes elementor-posts__hover-gradient elementor-widget elementor-widget-posts\" data-id=\"38ba9cc\" data-element_type=\"widget\" data-settings=\"{&quot;pagination_type&quot;:&quot;numbers_and_prev_next&quot;,&quot;cards_columns&quot;:&quot;3&quot;,&quot;cards_columns_tablet&quot;:&quot;2&quot;,&quot;cards_columns_mobile&quot;:&quot;1&quot;,&quot;cards_row_gap&quot;:{&quot;unit&quot;:&quot;px&quot;,&quot;size&quot;:35,&quot;sizes&quot;:[]},&quot;cards_row_gap_tablet&quot;:{&quot;unit&quot;:&quot;px&quot;,&quot;size&quot;:&quot;&quot;,&quot;sizes&quot;:[]},&quot;cards_row_gap_mobile&quot;:{&quot;unit&quot;:&quot;px&quot;,&quot;size&quot;:&quot;&quot;,&quot;sizes&quot;:[]}}\" data-widget_type=\"posts.cards\">\n\t\t\t\t<div class=\"elementor-widget-container\">\n\t\t\t\t\t\t\t<div class=\"elementor-posts-container elementor-posts elementor-posts--skin-cards elementor-grid\" role=\"list\">\n\t\t\t\t<article class=\"elementor-post elementor-grid-item post-34749 post type-post status-publish format-standard has-post-thumbnail hentry category-intervju edition-byggmassan\" role=\"listitem\">\n\t\t\t<div class=\"elementor-post__card\">\n\t\t\t\t<a class=\"elementor-post__thumbnail__link\" href=\"https:\/\/www.byggmassanstockholm.se\/sv\/2026\/04\/23\/en-renodlad-byggmassa-for-branschen\/\" tabindex=\"-1\" ><div class=\"elementor-post__thumbnail\"><img fetchpriority=\"high\" decoding=\"async\" width=\"1920\" height=\"1080\" src=\"https:\/\/easyfairsassets.com\/sites\/117\/2026\/04\/Bloggbild.jpg\" class=\"attachment-full size-full wp-image-34756\" alt=\"\" srcset=\"https:\/\/easyfairsassets.com\/sites\/117\/2026\/04\/Bloggbild.jpg 1920w, https:\/\/easyfairsassets.com\/sites\/117\/2026\/04\/Bloggbild-300x169.jpg 300w, https:\/\/easyfairsassets.com\/sites\/117\/2026\/04\/Bloggbild-1024x576.jpg 1024w, https:\/\/easyfairsassets.com\/sites\/117\/2026\/04\/Bloggbild-768x432.jpg 768w, https:\/\/easyfairsassets.com\/sites\/117\/2026\/04\/Bloggbild-1536x864.jpg 1536w\" sizes=\"(max-width: 1920px) 100vw, 1920px\" \/><\/div><\/a>\n\t\t\t\t<div class=\"elementor-post__text\">\n\t\t\t\t<h3 class=\"elementor-post__title\">\n\t\t\t<a href=\"https:\/\/www.byggmassanstockholm.se\/sv\/2026\/04\/23\/en-renodlad-byggmassa-for-branschen\/\" >\n\t\t\t\tEn renodlad byggm\u00e4ssa f\u00f6r branschen\t\t\t<\/a>\n\t\t<\/h3>\n\t\t\t\t<div class=\"elementor-post__excerpt\">\n\t\t\t<p>Byggm\u00e4ssan i Stockholm \u00e4r en m\u00f6tesplats d\u00e4r branschen kan samlas f\u00f6r att utbyta erfarenheter och skapa nya aff\u00e4rsm\u00f6jligheter.<\/p>\n\t\t<\/div>\n\t\t\n\t\t<a class=\"elementor-post__read-more\" href=\"https:\/\/www.byggmassanstockholm.se\/sv\/2026\/04\/23\/en-renodlad-byggmassa-for-branschen\/\" aria-label=\"Read more about En renodlad byggm\u00e4ssa f\u00f6r branschen\" tabindex=\"-1\" >\n\t\t\tL\u00e4s mer \u00bb\t\t<\/a>\n\n\t\t\t\t<\/div>\n\t\t\t\t<div class=\"elementor-post__meta-data\">\n\t\t\t\t\t<span class=\"elementor-post-date\">\n\t\t\tapril 23, 2026\t\t<\/span>\n\t\t\t\t<\/div>\n\t\t\t\t\t<\/div>\n\t\t<\/article>\n\t\t\t\t<article class=\"elementor-post elementor-grid-item post-34644 post type-post status-publish format-standard has-post-thumbnail hentry category-nyhet edition-byggmassan\" role=\"listitem\">\n\t\t\t<div class=\"elementor-post__card\">\n\t\t\t\t<a class=\"elementor-post__thumbnail__link\" href=\"https:\/\/www.byggmassanstockholm.se\/sv\/2026\/02\/17\/beijer-byggmaterial-ab-ny-premiumpartner\/\" tabindex=\"-1\" ><div class=\"elementor-post__thumbnail\"><img decoding=\"async\" width=\"1200\" height=\"630\" src=\"https:\/\/easyfairsassets.com\/sites\/117\/2026\/02\/Beijer-Blogg.jpg\" class=\"attachment-full size-full wp-image-34654\" alt=\"Beijer Byggmaterial_Jens Karlsten\" srcset=\"https:\/\/easyfairsassets.com\/sites\/117\/2026\/02\/Beijer-Blogg.jpg 1200w, https:\/\/easyfairsassets.com\/sites\/117\/2026\/02\/Beijer-Blogg-300x158.jpg 300w, https:\/\/easyfairsassets.com\/sites\/117\/2026\/02\/Beijer-Blogg-1024x538.jpg 1024w, https:\/\/easyfairsassets.com\/sites\/117\/2026\/02\/Beijer-Blogg-768x403.jpg 768w\" sizes=\"(max-width: 1200px) 100vw, 1200px\" \/><\/div><\/a>\n\t\t\t\t<div class=\"elementor-post__text\">\n\t\t\t\t<h3 class=\"elementor-post__title\">\n\t\t\t<a href=\"https:\/\/www.byggmassanstockholm.se\/sv\/2026\/02\/17\/beijer-byggmaterial-ab-ny-premiumpartner\/\" >\n\t\t\t\tBeijer Byggmaterial AB ny premiumpartner\t\t\t<\/a>\n\t\t<\/h3>\n\t\t\t\t<div class=\"elementor-post__excerpt\">\n\t\t\t<p>Vi \u00e4r stolta \u00f6ver att kunna presentera Beijer Byggmaterial AB som premiumpartner till Byggm\u00e4ssan 2027, som \u00e4ger rum den 17\u201318 mars p\u00e5 Kistam\u00e4ssan i Stockholm.<\/p>\n\t\t<\/div>\n\t\t\n\t\t<a class=\"elementor-post__read-more\" href=\"https:\/\/www.byggmassanstockholm.se\/sv\/2026\/02\/17\/beijer-byggmaterial-ab-ny-premiumpartner\/\" aria-label=\"Read more about Beijer Byggmaterial AB ny premiumpartner\" tabindex=\"-1\" >\n\t\t\tL\u00e4s mer \u00bb\t\t<\/a>\n\n\t\t\t\t<\/div>\n\t\t\t\t<div class=\"elementor-post__meta-data\">\n\t\t\t\t\t<span class=\"elementor-post-date\">\n\t\t\tfebruari 17, 2026\t\t<\/span>\n\t\t\t\t<\/div>\n\t\t\t\t\t<\/div>\n\t\t<\/article>\n\t\t\t\t<article class=\"elementor-post elementor-grid-item post-34506 post type-post status-publish format-standard has-post-thumbnail hentry category-intervju edition-byggmassan\" role=\"listitem\">\n\t\t\t<div class=\"elementor-post__card\">\n\t\t\t\t<a class=\"elementor-post__thumbnail__link\" href=\"https:\/\/www.byggmassanstockholm.se\/sv\/2025\/12\/12\/vi-bygger-vidare-mot-2027\/\" tabindex=\"-1\" ><div class=\"elementor-post__thumbnail\"><img decoding=\"async\" width=\"1200\" height=\"630\" src=\"https:\/\/easyfairsassets.com\/sites\/117\/2025\/12\/Untitled-1yluuyluy.jpg\" class=\"attachment-full size-full wp-image-34518\" alt=\"\" srcset=\"https:\/\/easyfairsassets.com\/sites\/117\/2025\/12\/Untitled-1yluuyluy.jpg 1200w, https:\/\/easyfairsassets.com\/sites\/117\/2025\/12\/Untitled-1yluuyluy-300x158.jpg 300w, https:\/\/easyfairsassets.com\/sites\/117\/2025\/12\/Untitled-1yluuyluy-1024x538.jpg 1024w, https:\/\/easyfairsassets.com\/sites\/117\/2025\/12\/Untitled-1yluuyluy-768x403.jpg 768w\" sizes=\"(max-width: 1200px) 100vw, 1200px\" \/><\/div><\/a>\n\t\t\t\t<div class=\"elementor-post__text\">\n\t\t\t\t<h3 class=\"elementor-post__title\">\n\t\t\t<a href=\"https:\/\/www.byggmassanstockholm.se\/sv\/2025\/12\/12\/vi-bygger-vidare-mot-2027\/\" >\n\t\t\t\t\u201dVi bygger vidare mot 2027\u201d\t\t\t<\/a>\n\t\t<\/h3>\n\t\t\t\t<div class=\"elementor-post__excerpt\">\n\t\t\t<p>2025 g\u00e5r mot sitt slut, och bakom oss ligger ett \u00e5r d\u00e5 Byggm\u00e4ssan Stockholm \u00e4ntligen tog fart p\u00e5 allvar.<\/p>\n\t\t<\/div>\n\t\t\n\t\t<a class=\"elementor-post__read-more\" href=\"https:\/\/www.byggmassanstockholm.se\/sv\/2025\/12\/12\/vi-bygger-vidare-mot-2027\/\" aria-label=\"Read more about \u201dVi bygger vidare mot 2027\u201d\" tabindex=\"-1\" >\n\t\t\tL\u00e4s mer \u00bb\t\t<\/a>\n\n\t\t\t\t<\/div>\n\t\t\t\t<div class=\"elementor-post__meta-data\">\n\t\t\t\t\t<span class=\"elementor-post-date\">\n\t\t\tdecember 12, 2025\t\t<\/span>\n\t\t\t\t<\/div>\n\t\t\t\t\t<\/div>\n\t\t<\/article>\n\t\t\t\t<article class=\"elementor-post elementor-grid-item post-34215 post type-post status-publish format-standard has-post-thumbnail hentry category-intervju edition-byggmassan\" role=\"listitem\">\n\t\t\t<div class=\"elementor-post__card\">\n\t\t\t\t<a class=\"elementor-post__thumbnail__link\" href=\"https:\/\/www.byggmassanstockholm.se\/sv\/2025\/05\/13\/det-har-varit-en-hog-kvalite-pa-besokarna\/\" tabindex=\"-1\" ><div class=\"elementor-post__thumbnail\"><img loading=\"lazy\" decoding=\"async\" width=\"1200\" height=\"630\" src=\"https:\/\/easyfairsassets.com\/sites\/117\/2025\/05\/MiTek.jpg\" class=\"attachment-full size-full wp-image-34219\" alt=\"MiTek Sverige\" srcset=\"https:\/\/easyfairsassets.com\/sites\/117\/2025\/05\/MiTek.jpg 1200w, https:\/\/easyfairsassets.com\/sites\/117\/2025\/05\/MiTek-300x158.jpg 300w, https:\/\/easyfairsassets.com\/sites\/117\/2025\/05\/MiTek-1024x538.jpg 1024w, https:\/\/easyfairsassets.com\/sites\/117\/2025\/05\/MiTek-768x403.jpg 768w\" sizes=\"(max-width: 1200px) 100vw, 1200px\" \/><\/div><\/a>\n\t\t\t\t<div class=\"elementor-post__text\">\n\t\t\t\t<h3 class=\"elementor-post__title\">\n\t\t\t<a href=\"https:\/\/www.byggmassanstockholm.se\/sv\/2025\/05\/13\/det-har-varit-en-hog-kvalite-pa-besokarna\/\" >\n\t\t\t\t\u201dDet har varit en h\u00f6g kvalit\u00e9 p\u00e5 bes\u00f6karna\u201d\t\t\t<\/a>\n\t\t<\/h3>\n\t\t\t\t<div class=\"elementor-post__excerpt\">\n\t\t\t<p>MiTek Sverige var med som utst\u00e4llare och var mycket n\u00f6jda efter tv\u00e5 dagar p\u00e5 Byggm\u00e4ssan. Vi pratade med Aff\u00e4rs- och marknadschef, Peter Koski.<\/p>\n\t\t<\/div>\n\t\t\n\t\t<a class=\"elementor-post__read-more\" href=\"https:\/\/www.byggmassanstockholm.se\/sv\/2025\/05\/13\/det-har-varit-en-hog-kvalite-pa-besokarna\/\" aria-label=\"Read more about \u201dDet har varit en h\u00f6g kvalit\u00e9 p\u00e5 bes\u00f6karna\u201d\" tabindex=\"-1\" >\n\t\t\tL\u00e4s mer \u00bb\t\t<\/a>\n\n\t\t\t\t<\/div>\n\t\t\t\t<div class=\"elementor-post__meta-data\">\n\t\t\t\t\t<span class=\"elementor-post-date\">\n\t\t\tmaj 13, 2025\t\t<\/span>\n\t\t\t\t<\/div>\n\t\t\t\t\t<\/div>\n\t\t<\/article>\n\t\t\t\t<article class=\"elementor-post elementor-grid-item post-33832 post type-post status-publish format-standard has-post-thumbnail hentry category-intervju edition-byggmassan\" role=\"listitem\">\n\t\t\t<div class=\"elementor-post__card\">\n\t\t\t\t<a class=\"elementor-post__thumbnail__link\" href=\"https:\/\/www.byggmassanstockholm.se\/sv\/2025\/03\/28\/det-har-gatt-valdigt-bra-vi-ar-valdigt-nojda\/\" tabindex=\"-1\" ><div class=\"elementor-post__thumbnail\"><img loading=\"lazy\" decoding=\"async\" width=\"1200\" height=\"630\" src=\"https:\/\/easyfairsassets.com\/sites\/117\/2025\/03\/Rukkor-bild.jpg\" class=\"attachment-full size-full wp-image-33836\" alt=\"Rukkor bild\" srcset=\"https:\/\/easyfairsassets.com\/sites\/117\/2025\/03\/Rukkor-bild.jpg 1200w, https:\/\/easyfairsassets.com\/sites\/117\/2025\/03\/Rukkor-bild-300x158.jpg 300w, https:\/\/easyfairsassets.com\/sites\/117\/2025\/03\/Rukkor-bild-1024x538.jpg 1024w, https:\/\/easyfairsassets.com\/sites\/117\/2025\/03\/Rukkor-bild-768x403.jpg 768w\" sizes=\"(max-width: 1200px) 100vw, 1200px\" \/><\/div><\/a>\n\t\t\t\t<div class=\"elementor-post__text\">\n\t\t\t\t<h3 class=\"elementor-post__title\">\n\t\t\t<a href=\"https:\/\/www.byggmassanstockholm.se\/sv\/2025\/03\/28\/det-har-gatt-valdigt-bra-vi-ar-valdigt-nojda\/\" >\n\t\t\t\t&#8221;Det har g\u00e5tt v\u00e4ldigt bra, vi \u00e4r v\u00e4ldigt n\u00f6jda.&#8221;\t\t\t<\/a>\n\t\t<\/h3>\n\t\t\t\t<div class=\"elementor-post__excerpt\">\n\t\t\t<p>Byggm\u00e4ssan hyste m\u00e5nga sp\u00e4nnande bolag, ett av dessa \u00e4r Rukkor. Efter m\u00e5nga timmar p\u00e5 m\u00e4ssgolvet tog vi tempen p\u00e5 Samira Sj\u00f6beck, kundrelationsansvarig.<\/p>\n\t\t<\/div>\n\t\t\n\t\t<a class=\"elementor-post__read-more\" href=\"https:\/\/www.byggmassanstockholm.se\/sv\/2025\/03\/28\/det-har-gatt-valdigt-bra-vi-ar-valdigt-nojda\/\" aria-label=\"Read more about &#8221;Det har g\u00e5tt v\u00e4ldigt bra, vi \u00e4r v\u00e4ldigt n\u00f6jda.&#8221;\" tabindex=\"-1\" >\n\t\t\tL\u00e4s mer \u00bb\t\t<\/a>\n\n\t\t\t\t<\/div>\n\t\t\t\t<div class=\"elementor-post__meta-data\">\n\t\t\t\t\t<span class=\"elementor-post-date\">\n\t\t\tmars 28, 2025\t\t<\/span>\n\t\t\t\t<\/div>\n\t\t\t\t\t<\/div>\n\t\t<\/article>\n\t\t\t\t<article class=\"elementor-post elementor-grid-item post-33333 post type-post status-publish format-standard has-post-thumbnail hentry category-artikel category-intervju edition-byggmassan\" role=\"listitem\">\n\t\t\t<div class=\"elementor-post__card\">\n\t\t\t\t<a class=\"elementor-post__thumbnail__link\" href=\"https:\/\/www.byggmassanstockholm.se\/sv\/2025\/03\/06\/intervju-med-lotta-wibeck-pionjar-inom-hallbar-digitalisering-i-byggbranschen\/\" tabindex=\"-1\" ><div class=\"elementor-post__thumbnail\"><img loading=\"lazy\" decoding=\"async\" width=\"1200\" height=\"630\" src=\"https:\/\/easyfairsassets.com\/sites\/117\/2025\/03\/lotta-wibeck.jpg\" class=\"attachment-full size-full wp-image-33328\" alt=\"\" srcset=\"https:\/\/easyfairsassets.com\/sites\/117\/2025\/03\/lotta-wibeck.jpg 1200w, https:\/\/easyfairsassets.com\/sites\/117\/2025\/03\/lotta-wibeck-300x158.jpg 300w, https:\/\/easyfairsassets.com\/sites\/117\/2025\/03\/lotta-wibeck-1024x538.jpg 1024w, https:\/\/easyfairsassets.com\/sites\/117\/2025\/03\/lotta-wibeck-768x403.jpg 768w\" sizes=\"(max-width: 1200px) 100vw, 1200px\" \/><\/div><\/a>\n\t\t\t\t<div class=\"elementor-post__text\">\n\t\t\t\t<h3 class=\"elementor-post__title\">\n\t\t\t<a href=\"https:\/\/www.byggmassanstockholm.se\/sv\/2025\/03\/06\/intervju-med-lotta-wibeck-pionjar-inom-hallbar-digitalisering-i-byggbranschen\/\" >\n\t\t\t\tIntervju med Lotta Wibeck: Pionj\u00e4r inom h\u00e5llbar digitalisering i byggbranschen\t\t\t<\/a>\n\t\t<\/h3>\n\t\t\t\t<div class=\"elementor-post__excerpt\">\n\t\t\t<p>Containertj\u00e4nst \u00e4r ett familjef\u00f6retag i andra generationen som startades av \u00e5keri\u00e4garen G\u00f6sta Johansson. Den 5-6 mars tr\u00e4ffar du dem p\u00e5 Byggm\u00e4ssan i Stockholm.<\/p>\n\t\t<\/div>\n\t\t\n\t\t<a class=\"elementor-post__read-more\" href=\"https:\/\/www.byggmassanstockholm.se\/sv\/2025\/03\/06\/intervju-med-lotta-wibeck-pionjar-inom-hallbar-digitalisering-i-byggbranschen\/\" aria-label=\"Read more about Intervju med Lotta Wibeck: Pionj\u00e4r inom h\u00e5llbar digitalisering i byggbranschen\" tabindex=\"-1\" >\n\t\t\tL\u00e4s mer \u00bb\t\t<\/a>\n\n\t\t\t\t<\/div>\n\t\t\t\t<div class=\"elementor-post__meta-data\">\n\t\t\t\t\t<span class=\"elementor-post-date\">\n\t\t\tmars 6, 2025\t\t<\/span>\n\t\t\t\t<\/div>\n\t\t\t\t\t<\/div>\n\t\t<\/article>\n\t\t\t\t<article class=\"elementor-post elementor-grid-item post-33281 post type-post status-publish format-standard has-post-thumbnail hentry category-artikel category-intervju edition-byggmassan\" role=\"listitem\">\n\t\t\t<div class=\"elementor-post__card\">\n\t\t\t\t<a class=\"elementor-post__thumbnail__link\" href=\"https:\/\/www.byggmassanstockholm.se\/sv\/2025\/03\/04\/var-affarside-ar-att-vara-bast-pa-containrar-och-sakra-vagprodukter-3\/\" tabindex=\"-1\" ><div class=\"elementor-post__thumbnail\"><img loading=\"lazy\" decoding=\"async\" width=\"1200\" height=\"630\" src=\"https:\/\/easyfairsassets.com\/sites\/117\/2025\/03\/Cargo_2.jpg\" class=\"attachment-full size-full wp-image-33237\" alt=\"\" srcset=\"https:\/\/easyfairsassets.com\/sites\/117\/2025\/03\/Cargo_2.jpg 1200w, https:\/\/easyfairsassets.com\/sites\/117\/2025\/03\/Cargo_2-300x158.jpg 300w, https:\/\/easyfairsassets.com\/sites\/117\/2025\/03\/Cargo_2-1024x538.jpg 1024w, https:\/\/easyfairsassets.com\/sites\/117\/2025\/03\/Cargo_2-768x403.jpg 768w\" sizes=\"(max-width: 1200px) 100vw, 1200px\" \/><\/div><\/a>\n\t\t\t\t<div class=\"elementor-post__text\">\n\t\t\t\t<h3 class=\"elementor-post__title\">\n\t\t\t<a href=\"https:\/\/www.byggmassanstockholm.se\/sv\/2025\/03\/04\/var-affarside-ar-att-vara-bast-pa-containrar-och-sakra-vagprodukter-3\/\" >\n\t\t\t\t&#8221;V\u00e5r aff\u00e4rsid\u00e9 \u00e4r att vara b\u00e4st p\u00e5 containrar och s\u00e4kra v\u00e4gprodukter&#8221;\t\t\t<\/a>\n\t\t<\/h3>\n\t\t\t\t<div class=\"elementor-post__excerpt\">\n\t\t\t<p>Containertj\u00e4nst \u00e4r ett familjef\u00f6retag i andra generationen som startades av \u00e5keri\u00e4garen G\u00f6sta Johansson. Den 5-6 mars tr\u00e4ffar du dem p\u00e5 Byggm\u00e4ssan i Stockholm.<\/p>\n\t\t<\/div>\n\t\t\n\t\t<a class=\"elementor-post__read-more\" href=\"https:\/\/www.byggmassanstockholm.se\/sv\/2025\/03\/04\/var-affarside-ar-att-vara-bast-pa-containrar-och-sakra-vagprodukter-3\/\" aria-label=\"Read more about &#8221;V\u00e5r aff\u00e4rsid\u00e9 \u00e4r att vara b\u00e4st p\u00e5 containrar och s\u00e4kra v\u00e4gprodukter&#8221;\" tabindex=\"-1\" >\n\t\t\tL\u00e4s mer \u00bb\t\t<\/a>\n\n\t\t\t\t<\/div>\n\t\t\t\t<div class=\"elementor-post__meta-data\">\n\t\t\t\t\t<span class=\"elementor-post-date\">\n\t\t\tmars 4, 2025\t\t<\/span>\n\t\t\t\t<\/div>\n\t\t\t\t\t<\/div>\n\t\t<\/article>\n\t\t\t\t<article class=\"elementor-post elementor-grid-item post-33048 post type-post status-publish format-standard has-post-thumbnail hentry category-artikel edition-byggmassan\" role=\"listitem\">\n\t\t\t<div class=\"elementor-post__card\">\n\t\t\t\t<a class=\"elementor-post__thumbnail__link\" href=\"https:\/\/www.byggmassanstockholm.se\/sv\/2025\/03\/03\/erik-ekstrand-tar-over-podden-bygga-at-idioter\/\" tabindex=\"-1\" ><div class=\"elementor-post__thumbnail\"><img loading=\"lazy\" decoding=\"async\" width=\"1200\" height=\"630\" src=\"https:\/\/easyfairsassets.com\/sites\/117\/2025\/03\/erik-ekstrand.jpg\" class=\"attachment-full size-full wp-image-33049\" alt=\"\" srcset=\"https:\/\/easyfairsassets.com\/sites\/117\/2025\/03\/erik-ekstrand.jpg 1200w, https:\/\/easyfairsassets.com\/sites\/117\/2025\/03\/erik-ekstrand-300x158.jpg 300w, https:\/\/easyfairsassets.com\/sites\/117\/2025\/03\/erik-ekstrand-1024x538.jpg 1024w, https:\/\/easyfairsassets.com\/sites\/117\/2025\/03\/erik-ekstrand-768x403.jpg 768w\" sizes=\"(max-width: 1200px) 100vw, 1200px\" \/><\/div><\/a>\n\t\t\t\t<div class=\"elementor-post__text\">\n\t\t\t\t<h3 class=\"elementor-post__title\">\n\t\t\t<a href=\"https:\/\/www.byggmassanstockholm.se\/sv\/2025\/03\/03\/erik-ekstrand-tar-over-podden-bygga-at-idioter\/\" >\n\t\t\t\tErik Ekstrand tar \u00f6ver podden Bygga \u00e5t idioter\t\t\t<\/a>\n\t\t<\/h3>\n\t\t\t\t<div class=\"elementor-post__excerpt\">\n\t\t\t<p>Lagom till poddens deltagande p\u00e5 Byggm\u00e4ssan kliver en ny progamledare in i programmet, Erik Ekstrand ska nu ta pulsen p\u00e5 byggproffsen.<\/p>\n\t\t<\/div>\n\t\t\n\t\t<a class=\"elementor-post__read-more\" href=\"https:\/\/www.byggmassanstockholm.se\/sv\/2025\/03\/03\/erik-ekstrand-tar-over-podden-bygga-at-idioter\/\" aria-label=\"Read more about Erik Ekstrand tar \u00f6ver podden Bygga \u00e5t idioter\" tabindex=\"-1\" >\n\t\t\tL\u00e4s mer \u00bb\t\t<\/a>\n\n\t\t\t\t<\/div>\n\t\t\t\t<div class=\"elementor-post__meta-data\">\n\t\t\t\t\t<span class=\"elementor-post-date\">\n\t\t\tmars 3, 2025\t\t<\/span>\n\t\t\t\t<\/div>\n\t\t\t\t\t<\/div>\n\t\t<\/article>\n\t\t\t\t<article class=\"elementor-post elementor-grid-item post-32685 post type-post status-publish format-standard has-post-thumbnail hentry category-artikel category-intervju edition-byggmassan\" role=\"listitem\">\n\t\t\t<div class=\"elementor-post__card\">\n\t\t\t\t<a class=\"elementor-post__thumbnail__link\" href=\"https:\/\/www.byggmassanstockholm.se\/sv\/2025\/02\/25\/byggmassan-is-a-key-event-for-us\/\" tabindex=\"-1\" ><div class=\"elementor-post__thumbnail\"><img loading=\"lazy\" decoding=\"async\" width=\"1200\" height=\"630\" src=\"https:\/\/easyfairsassets.com\/sites\/117\/2025\/02\/Talarbanners-webb2-2.jpg\" class=\"attachment-full size-full wp-image-32800\" alt=\"\" srcset=\"https:\/\/easyfairsassets.com\/sites\/117\/2025\/02\/Talarbanners-webb2-2.jpg 1200w, https:\/\/easyfairsassets.com\/sites\/117\/2025\/02\/Talarbanners-webb2-2-300x158.jpg 300w, https:\/\/easyfairsassets.com\/sites\/117\/2025\/02\/Talarbanners-webb2-2-1024x538.jpg 1024w, https:\/\/easyfairsassets.com\/sites\/117\/2025\/02\/Talarbanners-webb2-2-768x403.jpg 768w\" sizes=\"(max-width: 1200px) 100vw, 1200px\" \/><\/div><\/a>\n\t\t\t\t<div class=\"elementor-post__text\">\n\t\t\t\t<h3 class=\"elementor-post__title\">\n\t\t\t<a href=\"https:\/\/www.byggmassanstockholm.se\/sv\/2025\/02\/25\/byggmassan-is-a-key-event-for-us\/\" >\n\t\t\t\t&#8221;Byggm\u00e4ssan is a key event for us&#8221;\t\t\t<\/a>\n\t\t<\/h3>\n\t\t\t\t<div class=\"elementor-post__excerpt\">\n\t\t\t<p>We talked to Head of Market Development Carsten Svensson at Bim.com about their participation at Byggm\u00e4ssan.<\/p>\n\t\t<\/div>\n\t\t\n\t\t<a class=\"elementor-post__read-more\" href=\"https:\/\/www.byggmassanstockholm.se\/sv\/2025\/02\/25\/byggmassan-is-a-key-event-for-us\/\" aria-label=\"Read more about &#8221;Byggm\u00e4ssan is a key event for us&#8221;\" tabindex=\"-1\" >\n\t\t\tL\u00e4s mer \u00bb\t\t<\/a>\n\n\t\t\t\t<\/div>\n\t\t\t\t<div class=\"elementor-post__meta-data\">\n\t\t\t\t\t<span class=\"elementor-post-date\">\n\t\t\tfebruari 25, 2025\t\t<\/span>\n\t\t\t\t<\/div>\n\t\t\t\t\t<\/div>\n\t\t<\/article>\n\t\t\t\t<\/div>\n\t\t\n\t\t\t\t<div class=\"e-load-more-anchor\" data-page=\"1\" data-max-page=\"3\" data-next-page=\"https:\/\/www.byggmassanstockholm.se\/sv\/wp-json\/wp\/v2\/pages\/97\/page\/2\/\"><\/div>\n\t\t\t\t<nav class=\"elementor-pagination\" aria-label=\"Pagination\">\n\t\t\t<span class=\"page-numbers prev\">&laquo; F\u00f6reg\u00e5ende<\/span>\n<span aria-current=\"page\" class=\"page-numbers current\"><span class=\"elementor-screen-only\">Page<\/span>1<\/span>\n<a class=\"page-numbers\" href=\"https:\/\/www.byggmassanstockholm.se\/sv\/wp-json\/wp\/v2\/pages\/97\/page\/2\/\"><span class=\"elementor-screen-only\">Page<\/span>2<\/a>\n<a class=\"page-numbers\" href=\"https:\/\/www.byggmassanstockholm.se\/sv\/wp-json\/wp\/v2\/pages\/97\/page\/3\/\"><span class=\"elementor-screen-only\">Page<\/span>3<\/a>\n<a class=\"page-numbers next\" href=\"https:\/\/www.byggmassanstockholm.se\/sv\/wp-json\/wp\/v2\/pages\/97\/page\/2\/\">N\u00e4sta &raquo;<\/a>\t\t<\/nav>\n\t\t\t\t\t\t<\/div>\n\t\t\t\t<\/div>\n\t\t\t\t\t<\/div>\n\t\t<\/div>\n\t\t\t\t\t<\/div>\n\t\t<\/section>\n\t\t\t\t<\/div>\n\t\t","protected":false},"excerpt":{"rendered":"","protected":false},"author":16,"featured_media":0,"parent":0,"menu_order":0,"comment_status":"closed","ping_status":"closed","template":"","meta":{"_seopress_robots_primary_cat":"","_seopress_titles_title":"Nyheter &amp; Press | Byggm\u00e4ssan | Stockholm","_seopress_titles_desc":"H\u00e4r kommer artiklar &amp; nerslag i branschen, intervjuer med viktiga personer &amp; f\u00f6retag och nyheter om m\u00e4ssan.","_seopress_robots_index":"","footnotes":""},"class_list":["post-97","page","type-page","status-publish","hentry"],"_links":{"self":[{"href":"https:\/\/www.byggmassanstockholm.se\/sv\/wp-json\/wp\/v2\/pages\/97","targetHints":{"allow":["GET"]}}],"collection":[{"href":"https:\/\/www.byggmassanstockholm.se\/sv\/wp-json\/wp\/v2\/pages"}],"about":[{"href":"https:\/\/www.byggmassanstockholm.se\/sv\/wp-json\/wp\/v2\/types\/page"}],"author":[{"embeddable":true,"href":"https:\/\/www.byggmassanstockholm.se\/sv\/wp-json\/wp\/v2\/users\/16"}],"replies":[{"embeddable":true,"href":"https:\/\/www.byggmassanstockholm.se\/sv\/wp-json\/wp\/v2\/comments?post=97"}],"version-history":[{"count":5,"href":"https:\/\/www.byggmassanstockholm.se\/sv\/wp-json\/wp\/v2\/pages\/97\/revisions"}],"predecessor-version":[{"id":34412,"href":"https:\/\/www.byggmassanstockholm.se\/sv\/wp-json\/wp\/v2\/pages\/97\/revisions\/34412"}],"wp:attachment":[{"href":"https:\/\/www.byggmassanstockholm.se\/sv\/wp-json\/wp\/v2\/media?parent=97"}],"curies":[{"name":"wp","href":"https:\/\/api.w.org\/{rel}","templated":true}]}}